{"id":1181,"date":"2023-03-24T11:37:31","date_gmt":"2023-03-24T11:37:31","guid":{"rendered":"https:\/\/go4tours.com\/?page_id=1181"},"modified":"2023-03-31T10:23:49","modified_gmt":"2023-03-31T09:23:49","slug":"tour-a-medida","status":"publish","type":"page","link":"https:\/\/go4tours.com\/en\/tours\/tour-a-medida\/","title":{"rendered":"Tailored Tour"},"content":{"rendered":"<h2 class=\"has-text-color wp-block-heading\" style=\"color:#b57f35\"><strong>Build the trip of your dreams in Portugal<\/strong><\/h2>\n\n\n\n<p>With our tailor-made tour service, you can organize your own itinerary and choose the places you want to visit, as well as decide where you want to stay. We take care of all the necessary transport and make sure you have the best experience possible. Our aim is to make your trip as easy and enjoyable as possible, allowing you to make the most of every moment. With our highly qualified and experienced team, you can be sure that you are in good hands, from the moment you arrive until the end of your journey. Do not hesitate to contact us and start planning your dream trip in Portugal today!<\/p>\n\n\n\n<div style=\"height:30px\" aria-hidden=\"true\" class=\"wp-block-spacer\"><\/div>\n\n\n\n<h4 class=\"has-text-color wp-block-heading\" style=\"color:#b57f35\"><strong>PLACES TO VISIT \/ INCLUDED IN THE TOUR<\/strong><\/h4>\n\n\n\n<p>Tell us what you want to visit and what you would like to see included in this personalized tour.<\/p>\n\n\n\n<div style=\"height:30px\" aria-hidden=\"true\" class=\"wp-block-spacer\"><\/div>\n\n\n\n<hr class=\"wp-block-separator has-text-color has-alpha-channel-opacity has-background is-style-wide\" style=\"background-color:#b57f35;color:#b57f35\"\/>\n\n\n\n<div style=\"height:30px\" aria-hidden=\"true\" class=\"wp-block-spacer\"><\/div>\n\n\n\n<div class=\"wp-block-buttons is-horizontal is-content-justification-left is-layout-flex wp-container-core-buttons-layout-1 wp-block-buttons-is-layout-flex\">\n<div class=\"wp-block-button is-style-fill\"><a class=\"wp-block-button__link has-white-color has-text-color has-background wp-element-button\" href=\"https:\/\/go4tours.com\/en\/contactos\/\" style=\"border-radius:8px;background:linear-gradient(140deg,rgb(25,25,25) 10%,rgb(181,127,53) 100%)\">Schedule Tour<\/a><\/div>\n<\/div>\n\n\n\n<div style=\"height:100px\" aria-hidden=\"true\" class=\"wp-block-spacer\"><\/div>\n\n\n\n<div class=\"wp-block-group is-layout-constrained wp-block-group-is-layout-constrained\"><div class=\"wp-block-group__inner-container\">\n<div class=\"wp-block-group is-layout-constrained wp-block-group-is-layout-constrained\"><div class=\"wp-block-group__inner-container\">\n<h2 class=\"has-black-color has-text-color wp-block-heading\"><strong>See other Tours<\/strong><\/h2>\n\n\n\n<div style=\"height:30px\" aria-hidden=\"true\" class=\"wp-block-spacer\"><\/div>\n\n\n\n<div class=\"wp-block-columns is-layout-flex wp-container-core-columns-layout-1 wp-block-columns-is-layout-flex\">\n<div class=\"wp-block-column is-layout-flow wp-block-column-is-layout-flow\">\n<h4 class=\"has-text-align-center has-text-color wp-block-heading\" style=\"color:#b57f35\"><strong>Minho<\/strong><\/h4>\n\n\n<div class=\"wp-block-image is-style-default\">\n<figure class=\"aligncenter size-thumbnail is-resized\"><img loading=\"lazy\" decoding=\"async\" src=\"https:\/\/go4tours.com\/wp-content\/uploads\/2023\/03\/guimaraes_1-150x150.jpg\" alt=\"\" class=\"wp-image-1046\" width=\"180\" height=\"180\" srcset=\"https:\/\/go4tours.com\/wp-content\/uploads\/2023\/03\/guimaraes_1-150x150.jpg 150w, https:\/\/go4tours.com\/wp-content\/uploads\/2023\/03\/guimaraes_1-324x324.jpg 324w, https:\/\/go4tours.com\/wp-content\/uploads\/2023\/03\/guimaraes_1-100x100.jpg 100w\" sizes=\"(max-width: 180px) 100vw, 180px\" \/><\/figure><\/div>\n\n\n<div style=\"height:10px\" aria-hidden=\"true\" class=\"wp-block-spacer\"><\/div>\n\n\n\n<div class=\"wp-block-buttons is-content-justification-center is-layout-flex wp-container-core-buttons-layout-2 wp-block-buttons-is-layout-flex\">\n<div class=\"wp-block-button has-custom-font-size is-style-fill has-small-font-size\"><a class=\"wp-block-button__link has-background wp-element-button\" href=\"https:\/\/go4tours.com\/en\/tours\/minho\/\" style=\"border-radius:8px;background:linear-gradient(135deg,rgb(26,26,26) 0%,rgb(181,127,53) 100%)\">View more<\/a><\/div>\n<\/div>\n<\/div>\n\n\n\n<div class=\"wp-block-column is-layout-flow wp-block-column-is-layout-flow\">\n<h4 class=\"has-text-align-center has-text-color wp-block-heading\" style=\"color:#b57f35\"><strong>Center of Portugal<\/strong><\/h4>\n\n\n<div class=\"wp-block-image\">\n<figure class=\"aligncenter size-thumbnail is-resized\"><img loading=\"lazy\" decoding=\"async\" src=\"https:\/\/go4tours.com\/wp-content\/uploads\/2023\/03\/coimbra_4-150x150.jpg\" alt=\"\" class=\"wp-image-1109\" width=\"180\" height=\"180\" srcset=\"https:\/\/go4tours.com\/wp-content\/uploads\/2023\/03\/coimbra_4-150x150.jpg 150w, https:\/\/go4tours.com\/wp-content\/uploads\/2023\/03\/coimbra_4-324x324.jpg 324w, https:\/\/go4tours.com\/wp-content\/uploads\/2023\/03\/coimbra_4-100x100.jpg 100w\" sizes=\"(max-width: 180px) 100vw, 180px\" \/><\/figure><\/div>\n\n\n<div style=\"height:10px\" aria-hidden=\"true\" class=\"wp-block-spacer\"><\/div>\n\n\n\n<div class=\"wp-block-buttons is-content-justification-center is-layout-flex wp-container-core-buttons-layout-3 wp-block-buttons-is-layout-flex\">\n<div class=\"wp-block-button has-custom-font-size is-style-fill has-small-font-size\"><a class=\"wp-block-button__link has-background wp-element-button\" href=\"https:\/\/go4tours.com\/en\/tours\/centro-de-portugal\/\" style=\"border-radius:8px;background:linear-gradient(135deg,rgb(26,26,26) 0%,rgb(181,127,53) 100%)\">View more<\/a><\/div>\n<\/div>\n<\/div>\n\n\n\n<div class=\"wp-block-column is-layout-flow wp-block-column-is-layout-flow\">\n<h4 class=\"has-text-align-center has-text-color wp-block-heading\" style=\"color:#b57f35\"><strong>Porto<\/strong><\/h4>\n\n\n<div class=\"wp-block-image\">\n<figure class=\"aligncenter size-thumbnail is-resized\"><img loading=\"lazy\" decoding=\"async\" src=\"https:\/\/go4tours.com\/wp-content\/uploads\/2023\/03\/porto_3-150x150.jpg\" alt=\"\" class=\"wp-image-987\" width=\"180\" height=\"180\" srcset=\"https:\/\/go4tours.com\/wp-content\/uploads\/2023\/03\/porto_3-150x150.jpg 150w, https:\/\/go4tours.com\/wp-content\/uploads\/2023\/03\/porto_3-324x324.jpg 324w, https:\/\/go4tours.com\/wp-content\/uploads\/2023\/03\/porto_3-100x100.jpg 100w\" sizes=\"(max-width: 180px) 100vw, 180px\" \/><\/figure><\/div>\n\n\n<div style=\"height:10px\" aria-hidden=\"true\" class=\"wp-block-spacer\"><\/div>\n\n\n\n<div class=\"wp-block-buttons is-content-justification-center is-layout-flex wp-container-core-buttons-layout-4 wp-block-buttons-is-layout-flex\">\n<div class=\"wp-block-button has-custom-font-size is-style-fill has-small-font-size\"><a class=\"wp-block-button__link has-background wp-element-button\" href=\"https:\/\/go4tours.com\/en\/tours\/porto\/\" style=\"border-radius:8px;background:linear-gradient(135deg,rgb(26,26,26) 0%,rgb(181,127,53) 100%)\">View more<\/a><\/div>\n<\/div>\n<\/div>\n<\/div>\n<\/div><\/div>\n<\/div><\/div>","protected":false},"excerpt":{"rendered":"<p>Construa a viagem dos seus sonhos em Portugal Com o nosso servi\u00e7o de tours \u00e0 medida, pode organizar o seu pr\u00f3prio itiner\u00e1rio e escolher os lugares que deseja visitar, bem como decidir onde pretende ficar alojado. N\u00f3s cuidamos de todo o transporte necess\u00e1rio e garantimos que tenha a melhor experi\u00eancia poss\u00edvel. O nosso objetivo \u00e9 [&hellip;]<\/p>","protected":false},"author":4,"featured_media":1213,"parent":628,"menu_order":0,"comment_status":"closed","ping_status":"closed","template":"","meta":{"footnotes":""},"yoast_head":"<!-- This site is optimized with the Yoast SEO plugin v22.0 - https:\/\/yoast.com\/wordpress\/plugins\/seo\/ -->\n<title>Tour \u00e0 medida - Go4Tours<\/title>\n<meta name=\"robots\" content=\"index, follow, max-snippet:-1, max-image-preview:large, max-video-preview:-1\" \/>\n<link rel=\"canonical\" href=\"https:\/\/go4tours.com\/en\/tours\/tour-a-medida\/\" \/>\n<meta property=\"og:locale\" content=\"en_GB\" \/>\n<meta property=\"og:type\" content=\"article\" \/>\n<meta property=\"og:title\" content=\"Tour \u00e0 medida - Go4Tours\" \/>\n<meta property=\"og:description\" content=\"Construa a viagem dos seus sonhos em Portugal Com o nosso servi\u00e7o de tours \u00e0 medida, pode organizar o seu pr\u00f3prio itiner\u00e1rio e escolher os lugares que deseja visitar, bem como decidir onde pretende ficar alojado. N\u00f3s cuidamos de todo o transporte necess\u00e1rio e garantimos que tenha a melhor experi\u00eancia poss\u00edvel. O nosso objetivo \u00e9 [&hellip;]\" \/>\n<meta property=\"og:url\" content=\"https:\/\/go4tours.com\/en\/tours\/tour-a-medida\/\" \/>\n<meta property=\"og:site_name\" content=\"Go4Tours\" \/>\n<meta property=\"article:modified_time\" content=\"2023-03-31T09:23:49+00:00\" \/>\n<meta property=\"og:image\" content=\"https:\/\/go4tours.com\/wp-content\/uploads\/2023\/03\/tour-a-medida_banner.jpg\" \/>\n\t<meta property=\"og:image:width\" content=\"1920\" \/>\n\t<meta property=\"og:image:height\" content=\"416\" \/>\n\t<meta property=\"og:image:type\" content=\"image\/jpeg\" \/>\n<meta name=\"twitter:card\" content=\"summary_large_image\" \/>\n<meta name=\"twitter:label1\" content=\"Estimated reading time\" \/>\n\t<meta name=\"twitter:data1\" content=\"1 minute\" \/>\n<script type=\"application\/ld+json\" class=\"yoast-schema-graph\">{\"@context\":\"https:\/\/schema.org\",\"@graph\":[{\"@type\":\"WebPage\",\"@id\":\"https:\/\/go4tours.com\/tours\/tour-a-medida\/\",\"url\":\"https:\/\/go4tours.com\/tours\/tour-a-medida\/\",\"name\":\"Tour \u00e0 medida - Go4Tours\",\"isPartOf\":{\"@id\":\"https:\/\/go4tours.com\/#website\"},\"datePublished\":\"2023-03-24T11:37:31+00:00\",\"dateModified\":\"2023-03-31T09:23:49+00:00\",\"breadcrumb\":{\"@id\":\"https:\/\/go4tours.com\/tours\/tour-a-medida\/#breadcrumb\"},\"inLanguage\":\"en-GB\",\"potentialAction\":[{\"@type\":\"ReadAction\",\"target\":[\"https:\/\/go4tours.com\/tours\/tour-a-medida\/\"]}]},{\"@type\":\"BreadcrumbList\",\"@id\":\"https:\/\/go4tours.com\/tours\/tour-a-medida\/#breadcrumb\",\"itemListElement\":[{\"@type\":\"ListItem\",\"position\":1,\"name\":\"In\u00edcio\",\"item\":\"https:\/\/go4tours.com\/\"},{\"@type\":\"ListItem\",\"position\":2,\"name\":\"Tours\",\"item\":\"https:\/\/go4tours.com\/tours\/\"},{\"@type\":\"ListItem\",\"position\":3,\"name\":\"Tour \u00e0 medida\"}]},{\"@type\":\"WebSite\",\"@id\":\"https:\/\/go4tours.com\/#website\",\"url\":\"https:\/\/go4tours.com\/\",\"name\":\"Go4Tours\",\"description\":\"Tours &amp; Transfers in Portugal\",\"publisher\":{\"@id\":\"https:\/\/go4tours.com\/#organization\"},\"potentialAction\":[{\"@type\":\"SearchAction\",\"target\":{\"@type\":\"EntryPoint\",\"urlTemplate\":\"https:\/\/go4tours.com\/?s={search_term_string}\"},\"query-input\":\"required name=search_term_string\"}],\"inLanguage\":\"en-GB\"},{\"@type\":\"Organization\",\"@id\":\"https:\/\/go4tours.com\/#organization\",\"name\":\"Go4Tours\",\"url\":\"https:\/\/go4tours.com\/\",\"logo\":{\"@type\":\"ImageObject\",\"inLanguage\":\"en-GB\",\"@id\":\"https:\/\/go4tours.com\/#\/schema\/logo\/image\/\",\"url\":\"https:\/\/go4tours.com\/wp-content\/uploads\/2023\/03\/GO4TOURS-GOLDEN-LOGO.png\",\"contentUrl\":\"https:\/\/go4tours.com\/wp-content\/uploads\/2023\/03\/GO4TOURS-GOLDEN-LOGO.png\",\"width\":2500,\"height\":1679,\"caption\":\"Go4Tours\"},\"image\":{\"@id\":\"https:\/\/go4tours.com\/#\/schema\/logo\/image\/\"}}]}<\/script>\n<!-- \/ Yoast SEO plugin. -->","yoast_head_json":{"title":"Tour \u00e0 medida - Go4Tours","robots":{"index":"index","follow":"follow","max-snippet":"max-snippet:-1","max-image-preview":"max-image-preview:large","max-video-preview":"max-video-preview:-1"},"canonical":"https:\/\/go4tours.com\/en\/tours\/tour-a-medida\/","og_locale":"en_GB","og_type":"article","og_title":"Tour \u00e0 medida - Go4Tours","og_description":"Construa a viagem dos seus sonhos em Portugal Com o nosso servi\u00e7o de tours \u00e0 medida, pode organizar o seu pr\u00f3prio itiner\u00e1rio e escolher os lugares que deseja visitar, bem como decidir onde pretende ficar alojado. N\u00f3s cuidamos de todo o transporte necess\u00e1rio e garantimos que tenha a melhor experi\u00eancia poss\u00edvel. O nosso objetivo \u00e9 [&hellip;]","og_url":"https:\/\/go4tours.com\/en\/tours\/tour-a-medida\/","og_site_name":"Go4Tours","article_modified_time":"2023-03-31T09:23:49+00:00","og_image":[{"width":1920,"height":416,"url":"https:\/\/go4tours.com\/wp-content\/uploads\/2023\/03\/tour-a-medida_banner.jpg","type":"image\/jpeg"}],"twitter_card":"summary_large_image","twitter_misc":{"Estimated reading time":"1 minute"},"schema":{"@context":"https:\/\/schema.org","@graph":[{"@type":"WebPage","@id":"https:\/\/go4tours.com\/tours\/tour-a-medida\/","url":"https:\/\/go4tours.com\/tours\/tour-a-medida\/","name":"Tour \u00e0 medida - Go4Tours","isPartOf":{"@id":"https:\/\/go4tours.com\/#website"},"datePublished":"2023-03-24T11:37:31+00:00","dateModified":"2023-03-31T09:23:49+00:00","breadcrumb":{"@id":"https:\/\/go4tours.com\/tours\/tour-a-medida\/#breadcrumb"},"inLanguage":"en-GB","potentialAction":[{"@type":"ReadAction","target":["https:\/\/go4tours.com\/tours\/tour-a-medida\/"]}]},{"@type":"BreadcrumbList","@id":"https:\/\/go4tours.com\/tours\/tour-a-medida\/#breadcrumb","itemListElement":[{"@type":"ListItem","position":1,"name":"In\u00edcio","item":"https:\/\/go4tours.com\/"},{"@type":"ListItem","position":2,"name":"Tours","item":"https:\/\/go4tours.com\/tours\/"},{"@type":"ListItem","position":3,"name":"Tour \u00e0 medida"}]},{"@type":"WebSite","@id":"https:\/\/go4tours.com\/#website","url":"https:\/\/go4tours.com\/","name":"Go4Tours","description":"Tours &amp; Transfers in Portugal","publisher":{"@id":"https:\/\/go4tours.com\/#organization"},"potentialAction":[{"@type":"SearchAction","target":{"@type":"EntryPoint","urlTemplate":"https:\/\/go4tours.com\/?s={search_term_string}"},"query-input":"required name=search_term_string"}],"inLanguage":"en-GB"},{"@type":"Organization","@id":"https:\/\/go4tours.com\/#organization","name":"Go4Tours","url":"https:\/\/go4tours.com\/","logo":{"@type":"ImageObject","inLanguage":"en-GB","@id":"https:\/\/go4tours.com\/#\/schema\/logo\/image\/","url":"https:\/\/go4tours.com\/wp-content\/uploads\/2023\/03\/GO4TOURS-GOLDEN-LOGO.png","contentUrl":"https:\/\/go4tours.com\/wp-content\/uploads\/2023\/03\/GO4TOURS-GOLDEN-LOGO.png","width":2500,"height":1679,"caption":"Go4Tours"},"image":{"@id":"https:\/\/go4tours.com\/#\/schema\/logo\/image\/"}}]}},"_links":{"self":[{"href":"https:\/\/go4tours.com\/en\/wp-json\/wp\/v2\/pages\/1181"}],"collection":[{"href":"https:\/\/go4tours.com\/en\/wp-json\/wp\/v2\/pages"}],"about":[{"href":"https:\/\/go4tours.com\/en\/wp-json\/wp\/v2\/types\/page"}],"author":[{"embeddable":true,"href":"https:\/\/go4tours.com\/en\/wp-json\/wp\/v2\/users\/4"}],"replies":[{"embeddable":true,"href":"https:\/\/go4tours.com\/en\/wp-json\/wp\/v2\/comments?post=1181"}],"version-history":[{"count":27,"href":"https:\/\/go4tours.com\/en\/wp-json\/wp\/v2\/pages\/1181\/revisions"}],"predecessor-version":[{"id":1390,"href":"https:\/\/go4tours.com\/en\/wp-json\/wp\/v2\/pages\/1181\/revisions\/1390"}],"up":[{"embeddable":true,"href":"https:\/\/go4tours.com\/en\/wp-json\/wp\/v2\/pages\/628"}],"wp:featuredmedia":[{"embeddable":true,"href":"https:\/\/go4tours.com\/en\/wp-json\/wp\/v2\/media\/1213"}],"wp:attachment":[{"href":"https:\/\/go4tours.com\/en\/wp-json\/wp\/v2\/media?parent=1181"}],"curies":[{"name":"wp","href":"https:\/\/api.w.org\/{rel}","templated":true}]}}