{"id":18,"date":"2021-10-30T15:21:09","date_gmt":"2021-10-30T18:21:09","guid":{"rendered":"https:\/\/go4tours.com\/?page_id=18"},"modified":"2024-04-11T15:39:39","modified_gmt":"2024-04-11T14:39:39","slug":"contactos","status":"publish","type":"page","link":"https:\/\/go4tours.com\/en\/contactos\/","title":{"rendered":"Contacts"},"content":{"rendered":"<div class=\"wp-block-columns is-layout-flex wp-container-core-columns-layout-1 wp-block-columns-is-layout-flex\">\n<div class=\"wp-block-column is-layout-flow wp-block-column-is-layout-flow\">\n<p>Send us a message and specify the <strong>Subject<\/strong>, for example, <em>Book the \u201cFull Day Minho\u201d Tour<\/em>, <em>Find out more information about the Transfer Service<\/em>. For any information or to schedule tours, just send us a message and we will get in touch with you as soon as possible.<\/p>\n\n\n\n<div class=\"wpcf7 no-js\" id=\"wpcf7-f68-o1\" lang=\"pt-PT\" dir=\"ltr\">\n<div class=\"screen-reader-response\"><p role=\"status\" aria-live=\"polite\" aria-atomic=\"true\"><\/p> <ul><\/ul><\/div>\n<form action=\"\/en\/wp-json\/wp\/v2\/pages\/18#wpcf7-f68-o1\" method=\"post\" class=\"wpcf7-form init\" aria-label=\"Contact form\" novalidate=\"novalidate\" data-status=\"init\" data-trp-original-action=\"\/en\/wp-json\/wp\/v2\/pages\/18#wpcf7-f68-o1\">\n<div style=\"display: none;\">\n<input type=\"hidden\" name=\"_wpcf7\" value=\"68\" \/>\n<input type=\"hidden\" name=\"_wpcf7_version\" value=\"5.9.3\" \/>\n<input type=\"hidden\" name=\"_wpcf7_locale\" value=\"pt_PT\" \/>\n<input type=\"hidden\" name=\"_wpcf7_unit_tag\" value=\"wpcf7-f68-o1\" \/>\n<input type=\"hidden\" name=\"_wpcf7_container_post\" value=\"0\" \/>\n<input type=\"hidden\" name=\"_wpcf7_posted_data_hash\" value=\"\" \/>\n<input type=\"hidden\" name=\"_wpcf7_recaptcha_response\" value=\"\" \/>\n<\/div>\n<p><label> Subject<br \/>\n<span class=\"wpcf7-form-control-wrap\" data-name=\"your-subject\"><input size=\"60\" class=\"wpcf7-form-control wpcf7-text wpcf7-validates-as-required\" aria-required=\"true\" aria-invalid=\"false\" value=\"\" type=\"text\" name=\"your-subject\" \/><\/span> <\/label>\n<\/p>\n<p><label> Name<br \/>\n<span class=\"wpcf7-form-control-wrap\" data-name=\"your-name\"><input size=\"60\" class=\"wpcf7-form-control wpcf7-text wpcf7-validates-as-required\" aria-required=\"true\" aria-invalid=\"false\" value=\"\" type=\"text\" name=\"your-name\" \/><\/span> <\/label>\n<\/p>\n<p><label> Phone number<br \/>\n<span class=\"wpcf7-form-control-wrap\" data-name=\"your-phone\"><input size=\"60\" class=\"wpcf7-form-control wpcf7-text wpcf7-validates-as-required\" aria-required=\"true\" aria-invalid=\"false\" value=\"\" type=\"text\" name=\"your-phone\" \/><\/span> <\/label>\n<\/p>\n<p><label> E-mail<br \/>\n<span class=\"wpcf7-form-control-wrap\" data-name=\"your-email\"><input size=\"60\" class=\"wpcf7-form-control wpcf7-email wpcf7-validates-as-required wpcf7-text wpcf7-validates-as-email\" aria-required=\"true\" aria-invalid=\"false\" value=\"\" type=\"email\" name=\"your-email\" \/><\/span> <\/label>\n<\/p>\n<p><label> Message<br \/>\n<span class=\"wpcf7-form-control-wrap\" data-name=\"your-message\"><textarea cols=\"40\" rows=\"10\" class=\"wpcf7-form-control wpcf7-textarea wpcf7-validates-as-required\" aria-required=\"true\" aria-invalid=\"false\" name=\"your-message\"><\/textarea><\/span> <\/label>\n<\/p>\n<span class=\"wpcf7-form-control-wrap recaptcha\" data-name=\"recaptcha\"><span data-sitekey=\"6LcgzV8pAAAAAOJvxIaLZuGJBOItMTqW0wBvpzdW\" class=\"wpcf7-form-control wpcf7-recaptcha g-recaptcha\"><\/span>\r\n<noscript>\r\n\t<div class=\"grecaptcha-noscript\">\r\n\t\t<iframe loading=\"lazy\" src=\"https:\/\/www.google.com\/recaptcha\/api\/fallback?k=6LcgzV8pAAAAAOJvxIaLZuGJBOItMTqW0wBvpzdW\" frameborder=\"0\" scrolling=\"no\" width=\"310\" height=\"430\">\r\n\t\t<\/iframe>\r\n\t\t<textarea name=\"g-recaptcha-response\" rows=\"3\" cols=\"40\" placeholder=\"reCaptcha Response Here\">\r\n\t\t<\/textarea>\r\n\t<\/div>\r\n<\/noscript>\r\n<\/span>\n<p><input class=\"wpcf7-form-control wpcf7-submit has-spinner\" type=\"submit\" value=\"Send\" \/>\n<\/p><div class=\"wpcf7-response-output\" aria-hidden=\"true\"><\/div>\n<input type=\"hidden\" name=\"trp-form-language\" value=\"en\"\/><\/form>\n<\/div>\n\n<\/div>\n\n\n\n<div class=\"wp-block-column is-layout-flow wp-block-column-is-layout-flow\">\n<figure class=\"wp-block-image size-large img-contact\"><img loading=\"lazy\" decoding=\"async\" width=\"683\" height=\"1024\" src=\"https:\/\/go4tours.com\/wp-content\/uploads\/2023\/04\/phone-contacts-683x1024.jpg\" alt=\"\" class=\"wp-image-1368\" srcset=\"https:\/\/go4tours.com\/wp-content\/uploads\/2023\/04\/phone-contacts-683x1024.jpg 683w, https:\/\/go4tours.com\/wp-content\/uploads\/2023\/04\/phone-contacts-200x300.jpg 200w, https:\/\/go4tours.com\/wp-content\/uploads\/2023\/04\/phone-contacts-768x1152.jpg 768w, https:\/\/go4tours.com\/wp-content\/uploads\/2023\/04\/phone-contacts-1024x1536.jpg 1024w, https:\/\/go4tours.com\/wp-content\/uploads\/2023\/04\/phone-contacts-1365x2048.jpg 1365w, https:\/\/go4tours.com\/wp-content\/uploads\/2023\/04\/phone-contacts-8x12.jpg 8w, https:\/\/go4tours.com\/wp-content\/uploads\/2023\/04\/phone-contacts-416x624.jpg 416w, https:\/\/go4tours.com\/wp-content\/uploads\/2023\/04\/phone-contacts-scaled.jpg 1707w\" sizes=\"(max-width: 683px) 100vw, 683px\" \/><\/figure>\n<\/div>\n<\/div>\n\n\n\n<hr class=\"wp-block-separator has-text-color has-alpha-channel-opacity has-background is-style-wide\" style=\"background-color:#b57f35;color:#b57f35\"\/>\n\n\n\n<div style=\"height:30px\" aria-hidden=\"true\" class=\"wp-block-spacer\"><\/div>\n\n\n\n<div class=\"wp-block-columns is-layout-flex wp-container-core-columns-layout-7 wp-block-columns-is-layout-flex\">\n<div class=\"wp-block-column is-layout-flow wp-block-column-is-layout-flow\" style=\"flex-basis:300px\">\n<h2 class=\"wp-block-heading info-contato\">Contact information<\/h2>\n\n\n\n<div class=\"wp-block-columns sem-margem-infeior is-layout-flex wp-container-core-columns-layout-2 wp-block-columns-is-layout-flex\">\n<div class=\"wp-block-column sem-margem-infeior cotacto-info-icon is-layout-flow wp-block-column-is-layout-flow\" style=\"flex-basis:35px\">\n<figure class=\"wp-block-image size-full\"><img loading=\"lazy\" decoding=\"async\" width=\"18\" height=\"18\" src=\"https:\/\/go4tours.com\/wp-content\/uploads\/2023\/03\/mail.png\" alt=\"\" class=\"wp-image-866\"\/><\/figure>\n<\/div>\n\n\n\n<div class=\"wp-block-column sem-margem-infeior cotacto-info-descricao is-layout-flow wp-block-column-is-layout-flow\" style=\"flex-basis:82%\">\n<p>geral@go4tours.com<\/p>\n<\/div>\n<\/div>\n\n\n\n<div class=\"wp-block-columns sem-margem-infeior is-layout-flex wp-container-core-columns-layout-3 wp-block-columns-is-layout-flex\">\n<div class=\"wp-block-column sem-margem-infeior cotacto-info-icon is-layout-flow wp-block-column-is-layout-flow\" style=\"flex-basis:35px\">\n<figure class=\"wp-block-image size-full\"><img loading=\"lazy\" decoding=\"async\" width=\"18\" height=\"18\" src=\"https:\/\/go4tours.com\/wp-content\/uploads\/2023\/03\/phone-1.png\" alt=\"\" class=\"wp-image-865\"\/><\/figure>\n<\/div>\n\n\n\n<div class=\"wp-block-column sem-margem-infeior cotacto-info-descricao is-layout-flow wp-block-column-is-layout-flow\">\n<p>+351 964 220 407<br>(Call to national mobile network)<\/p>\n<\/div>\n<\/div>\n\n\n\n<div class=\"wp-block-columns sem-margem-infeior is-layout-flex wp-container-core-columns-layout-4 wp-block-columns-is-layout-flex\">\n<div class=\"wp-block-column sem-margem-infeior cotacto-info-icon is-layout-flow wp-block-column-is-layout-flow\" style=\"flex-basis:35px\">\n<figure class=\"wp-block-image size-full\"><img loading=\"lazy\" decoding=\"async\" width=\"18\" height=\"18\" src=\"https:\/\/go4tours.com\/wp-content\/uploads\/2023\/03\/address.png\" alt=\"\" class=\"wp-image-864\"\/><\/figure>\n<\/div>\n\n\n\n<div class=\"wp-block-column sem-margem-infeior cotacto-info-descricao is-layout-flow wp-block-column-is-layout-flow\">\n<p>R. Gon\u00e7alves Zarco 2577, 4455-821 Le\u00e7a da Palmeira<\/p>\n<\/div>\n<\/div>\n\n\n\n<div class=\"wp-block-columns sem-margem-infeior is-layout-flex wp-container-core-columns-layout-5 wp-block-columns-is-layout-flex\">\n<div class=\"wp-block-column sem-margem-infeior cotacto-info-icon is-layout-flow wp-block-column-is-layout-flow\" style=\"flex-basis:35px\">\n<figure class=\"wp-block-image size-full\"><a href=\"https:\/\/www.facebook.com\/people\/Go4Tours\/100092337603350\/\"><img loading=\"lazy\" decoding=\"async\" width=\"22\" height=\"22\" src=\"https:\/\/go4tours.com\/wp-content\/uploads\/2023\/03\/Vector0.png\" alt=\"\" class=\"wp-image-772\"\/><\/a><\/figure>\n<\/div>\n\n\n\n<div class=\"wp-block-column sem-margem-infeior cotacto-info-descricao is-layout-flow wp-block-column-is-layout-flow\">\n<p><a href=\"https:\/\/www.facebook.com\/people\/Go4Tours\/100092337603350\/\" target=\"_blank\" rel=\"noreferrer noopener\">facebook.com\/<\/a><\/p>\n<\/div>\n<\/div>\n\n\n\n<div class=\"wp-block-columns sem-margem-infeior is-layout-flex wp-container-core-columns-layout-6 wp-block-columns-is-layout-flex\">\n<div class=\"wp-block-column sem-margem-infeior cotacto-info-icon is-layout-flow wp-block-column-is-layout-flow\" style=\"flex-basis:35px\">\n<figure class=\"wp-block-image size-full\"><a href=\"https:\/\/www.instagram.com\/gofourtours\/\"><img loading=\"lazy\" decoding=\"async\" width=\"21\" height=\"22\" src=\"https:\/\/go4tours.com\/wp-content\/uploads\/2023\/03\/Vector.png\" alt=\"\" class=\"wp-image-773\"\/><\/a><\/figure>\n<\/div>\n\n\n\n<div class=\"wp-block-column sem-margem-infeior cotacto-info-descricao is-layout-flow wp-block-column-is-layout-flow\" style=\"flex-basis:66.66%\">\n<p><a href=\"https:\/\/www.instagram.com\/gofourtours\/\" target=\"_blank\" rel=\"noreferrer noopener\">instagram.com\/<\/a><\/p>\n<\/div>\n<\/div>\n<\/div>\n\n\n\n<div class=\"wp-block-column is-layout-flow wp-block-column-is-layout-flow\">\n<div style=\"text-align: right\">\n<iframe src=\"https:\/\/www.google.com\/maps\/embed?pb=!1m18!1m12!1m3!1d1500.768844859298!2d-8.679493443130495!3d41.210051683396884!2m3!1f0!2f0!3f0!3m2!1i1024!2i768!4f13.1!3m3!1m2!1s0xd2468bee9c7ce39%3A0x8b831da33aadb60d!2sR.%20Gon%C3%A7alves%20Zarco%202577%2C%204455-821%20Le%C3%A7a%20da%20Palmeira!5e0!3m2!1sen!2spt!4v1680190254814!5m2!1sen!2spt\" width=\"600\" height=\"450\" style=\"border:0;\" allowfullscreen=\"\" loading=\"lazy\" referrerpolicy=\"no-referrer-when-downgrade\"><\/iframe>\n<\/div>\n<\/div>\n<\/div>","protected":false},"excerpt":{"rendered":"<p>Envie-nos mensagem e especifique o Assunto, por exemplo, Agendar Tour &#8220;Full Day Minho&#8221;, Saber mais informa\u00e7\u00f5es sobre o Servi\u00e7o de Transfer. Para qualquer informa\u00e7\u00e3o ou para agendamento de tours, basta que nos envie uma mensagem e entraremos consigo assim que poss\u00edvel. Informa\u00e7\u00f5es de contacto geral@go4tours.com +351 964 220 407(Chamada para rede m\u00f3vel nacional) R. Gon\u00e7alves [&hellip;]<\/p>","protected":false},"author":1,"featured_media":0,"parent":0,"menu_order":0,"comment_status":"closed","ping_status":"closed","template":"","meta":{"footnotes":""},"yoast_head":"<!-- This site is optimized with the Yoast SEO plugin v22.0 - https:\/\/yoast.com\/wordpress\/plugins\/seo\/ -->\n<title>Agende j\u00e1 o seu Tour ou Transfer | Go4Tours<\/title>\n<meta name=\"description\" content=\"Para qualquer d\u00favida ou esclarecimento, contacte geral@go4tours.com ; Telem\u00f3vel +351 964 220 207 (rede m\u00f3vel nacional)\" \/>\n<meta name=\"robots\" content=\"index, follow, max-snippet:-1, max-image-preview:large, max-video-preview:-1\" \/>\n<link rel=\"canonical\" href=\"https:\/\/go4tours.com\/en\/contactos\/\" \/>\n<meta property=\"og:locale\" content=\"en_GB\" \/>\n<meta property=\"og:type\" content=\"article\" \/>\n<meta property=\"og:title\" content=\"Agende j\u00e1 o seu Tour ou Transfer | Go4Tours\" \/>\n<meta property=\"og:description\" content=\"Para qualquer d\u00favida ou esclarecimento, contacte geral@go4tours.com ; Telem\u00f3vel +351 964 220 207 (rede m\u00f3vel nacional)\" \/>\n<meta property=\"og:url\" content=\"https:\/\/go4tours.com\/en\/contactos\/\" \/>\n<meta property=\"og:site_name\" content=\"Go4Tours\" \/>\n<meta property=\"article:modified_time\" content=\"2024-04-11T14:39:39+00:00\" \/>\n<meta property=\"og:image\" content=\"https:\/\/go4tours.com\/wp-content\/uploads\/2023\/04\/phone-contacts-683x1024.jpg\" \/>\n<meta name=\"twitter:card\" content=\"summary_large_image\" \/>\n<meta name=\"twitter:label1\" content=\"Estimated reading time\" \/>\n\t<meta name=\"twitter:data1\" content=\"4 minutes\" \/>\n<script type=\"application\/ld+json\" class=\"yoast-schema-graph\">{\"@context\":\"https:\/\/schema.org\",\"@graph\":[{\"@type\":\"WebPage\",\"@id\":\"https:\/\/go4tours.com\/contactos\/\",\"url\":\"https:\/\/go4tours.com\/contactos\/\",\"name\":\"Agende j\u00e1 o seu Tour ou Transfer | Go4Tours\",\"isPartOf\":{\"@id\":\"https:\/\/go4tours.com\/#website\"},\"datePublished\":\"2021-10-30T18:21:09+00:00\",\"dateModified\":\"2024-04-11T14:39:39+00:00\",\"description\":\"Para qualquer d\u00favida ou esclarecimento, contacte geral@go4tours.com ; Telem\u00f3vel +351 964 220 207 (rede m\u00f3vel nacional)\",\"breadcrumb\":{\"@id\":\"https:\/\/go4tours.com\/contactos\/#breadcrumb\"},\"inLanguage\":\"en-GB\",\"potentialAction\":[{\"@type\":\"ReadAction\",\"target\":[\"https:\/\/go4tours.com\/contactos\/\"]}]},{\"@type\":\"BreadcrumbList\",\"@id\":\"https:\/\/go4tours.com\/contactos\/#breadcrumb\",\"itemListElement\":[{\"@type\":\"ListItem\",\"position\":1,\"name\":\"In\u00edcio\",\"item\":\"https:\/\/go4tours.com\/\"},{\"@type\":\"ListItem\",\"position\":2,\"name\":\"Contactos\"}]},{\"@type\":\"WebSite\",\"@id\":\"https:\/\/go4tours.com\/#website\",\"url\":\"https:\/\/go4tours.com\/\",\"name\":\"Go4Tours\",\"description\":\"Tours &amp; Transfers in Portugal\",\"publisher\":{\"@id\":\"https:\/\/go4tours.com\/#organization\"},\"potentialAction\":[{\"@type\":\"SearchAction\",\"target\":{\"@type\":\"EntryPoint\",\"urlTemplate\":\"https:\/\/go4tours.com\/?s={search_term_string}\"},\"query-input\":\"required name=search_term_string\"}],\"inLanguage\":\"en-GB\"},{\"@type\":\"Organization\",\"@id\":\"https:\/\/go4tours.com\/#organization\",\"name\":\"Go4Tours\",\"url\":\"https:\/\/go4tours.com\/\",\"logo\":{\"@type\":\"ImageObject\",\"inLanguage\":\"en-GB\",\"@id\":\"https:\/\/go4tours.com\/#\/schema\/logo\/image\/\",\"url\":\"https:\/\/go4tours.com\/wp-content\/uploads\/2023\/03\/GO4TOURS-GOLDEN-LOGO.png\",\"contentUrl\":\"https:\/\/go4tours.com\/wp-content\/uploads\/2023\/03\/GO4TOURS-GOLDEN-LOGO.png\",\"width\":2500,\"height\":1679,\"caption\":\"Go4Tours\"},\"image\":{\"@id\":\"https:\/\/go4tours.com\/#\/schema\/logo\/image\/\"}}]}<\/script>\n<!-- \/ Yoast SEO plugin. -->","yoast_head_json":{"title":"Agende j\u00e1 o seu Tour ou Transfer | Go4Tours","description":"Para qualquer d\u00favida ou esclarecimento, contacte geral@go4tours.com ; Telem\u00f3vel +351 964 220 207 (rede m\u00f3vel nacional)","robots":{"index":"index","follow":"follow","max-snippet":"max-snippet:-1","max-image-preview":"max-image-preview:large","max-video-preview":"max-video-preview:-1"},"canonical":"https:\/\/go4tours.com\/en\/contactos\/","og_locale":"en_GB","og_type":"article","og_title":"Agende j\u00e1 o seu Tour ou Transfer | Go4Tours","og_description":"Para qualquer d\u00favida ou esclarecimento, contacte geral@go4tours.com ; Telem\u00f3vel +351 964 220 207 (rede m\u00f3vel nacional)","og_url":"https:\/\/go4tours.com\/en\/contactos\/","og_site_name":"Go4Tours","article_modified_time":"2024-04-11T14:39:39+00:00","og_image":[{"url":"https:\/\/go4tours.com\/wp-content\/uploads\/2023\/04\/phone-contacts-683x1024.jpg"}],"twitter_card":"summary_large_image","twitter_misc":{"Estimated reading time":"4 minutes"},"schema":{"@context":"https:\/\/schema.org","@graph":[{"@type":"WebPage","@id":"https:\/\/go4tours.com\/contactos\/","url":"https:\/\/go4tours.com\/contactos\/","name":"Agende j\u00e1 o seu Tour ou Transfer | Go4Tours","isPartOf":{"@id":"https:\/\/go4tours.com\/#website"},"datePublished":"2021-10-30T18:21:09+00:00","dateModified":"2024-04-11T14:39:39+00:00","description":"Para qualquer d\u00favida ou esclarecimento, contacte geral@go4tours.com ; Telem\u00f3vel +351 964 220 207 (rede m\u00f3vel nacional)","breadcrumb":{"@id":"https:\/\/go4tours.com\/contactos\/#breadcrumb"},"inLanguage":"en-GB","potentialAction":[{"@type":"ReadAction","target":["https:\/\/go4tours.com\/contactos\/"]}]},{"@type":"BreadcrumbList","@id":"https:\/\/go4tours.com\/contactos\/#breadcrumb","itemListElement":[{"@type":"ListItem","position":1,"name":"In\u00edcio","item":"https:\/\/go4tours.com\/"},{"@type":"ListItem","position":2,"name":"Contactos"}]},{"@type":"WebSite","@id":"https:\/\/go4tours.com\/#website","url":"https:\/\/go4tours.com\/","name":"Go4Tours","description":"Tours &amp; Transfers in Portugal","publisher":{"@id":"https:\/\/go4tours.com\/#organization"},"potentialAction":[{"@type":"SearchAction","target":{"@type":"EntryPoint","urlTemplate":"https:\/\/go4tours.com\/?s={search_term_string}"},"query-input":"required name=search_term_string"}],"inLanguage":"en-GB"},{"@type":"Organization","@id":"https:\/\/go4tours.com\/#organization","name":"Go4Tours","url":"https:\/\/go4tours.com\/","logo":{"@type":"ImageObject","inLanguage":"en-GB","@id":"https:\/\/go4tours.com\/#\/schema\/logo\/image\/","url":"https:\/\/go4tours.com\/wp-content\/uploads\/2023\/03\/GO4TOURS-GOLDEN-LOGO.png","contentUrl":"https:\/\/go4tours.com\/wp-content\/uploads\/2023\/03\/GO4TOURS-GOLDEN-LOGO.png","width":2500,"height":1679,"caption":"Go4Tours"},"image":{"@id":"https:\/\/go4tours.com\/#\/schema\/logo\/image\/"}}]}},"_links":{"self":[{"href":"https:\/\/go4tours.com\/en\/wp-json\/wp\/v2\/pages\/18"}],"collection":[{"href":"https:\/\/go4tours.com\/en\/wp-json\/wp\/v2\/pages"}],"about":[{"href":"https:\/\/go4tours.com\/en\/wp-json\/wp\/v2\/types\/page"}],"author":[{"embeddable":true,"href":"https:\/\/go4tours.com\/en\/wp-json\/wp\/v2\/users\/1"}],"replies":[{"embeddable":true,"href":"https:\/\/go4tours.com\/en\/wp-json\/wp\/v2\/comments?post=18"}],"version-history":[{"count":72,"href":"https:\/\/go4tours.com\/en\/wp-json\/wp\/v2\/pages\/18\/revisions"}],"predecessor-version":[{"id":1411,"href":"https:\/\/go4tours.com\/en\/wp-json\/wp\/v2\/pages\/18\/revisions\/1411"}],"wp:attachment":[{"href":"https:\/\/go4tours.com\/en\/wp-json\/wp\/v2\/media?parent=18"}],"curies":[{"name":"wp","href":"https:\/\/api.w.org\/{rel}","templated":true}]}}