{"id":313,"date":"2021-12-21T19:34:36","date_gmt":"2021-12-21T19:34:36","guid":{"rendered":"https:\/\/go4tours.com\/?page_id=313"},"modified":"2024-04-12T14:48:45","modified_gmt":"2024-04-12T13:48:45","slug":"go4tours","status":"publish","type":"page","link":"https:\/\/go4tours.com\/en\/","title":{"rendered":"Go4Tours &#8211; Tours &#038; Transfers Portugal"},"content":{"rendered":"","protected":false},"excerpt":{"rendered":"","protected":false},"author":1,"featured_media":1458,"parent":0,"menu_order":0,"comment_status":"closed","ping_status":"closed","template":"template-homepage-institucional4.php","meta":{"footnotes":""},"yoast_head":"<!-- This site is optimized with the Yoast SEO plugin v22.0 - https:\/\/yoast.com\/wordpress\/plugins\/seo\/ -->\n<title>Go4Tours | Tours &amp; Transfers em Portugal<\/title>\n<meta name=\"description\" content=\"A Go4Tours \u00e9 uma empresa que atua no ramo de Tours e Transferes, oferecendo v\u00e1rias op\u00e7\u00f5es para quem procura conhecer Portugal.\" \/>\n<meta name=\"robots\" content=\"index, follow, max-snippet:-1, max-image-preview:large, max-video-preview:-1\" \/>\n<link rel=\"canonical\" href=\"https:\/\/go4tours.com\/en\/\" \/>\n<meta property=\"og:locale\" content=\"en_GB\" \/>\n<meta property=\"og:type\" content=\"article\" \/>\n<meta property=\"og:title\" content=\"Go4Tours | Tours &amp; Transfers em Portugal\" \/>\n<meta property=\"og:description\" content=\"A Go4Tours \u00e9 uma empresa que atua no ramo de Tours e Transferes, oferecendo v\u00e1rias op\u00e7\u00f5es para quem procura conhecer Portugal.\" \/>\n<meta property=\"og:url\" content=\"https:\/\/go4tours.com\/en\/\" \/>\n<meta property=\"og:site_name\" content=\"Go4Tours\" \/>\n<meta property=\"article:modified_time\" content=\"2024-04-12T13:48:45+00:00\" \/>\n<meta property=\"og:image\" content=\"https:\/\/go4tours.com\/wp-content\/uploads\/2023\/07\/quinta-nova_banner.jpg\" \/>\n\t<meta property=\"og:image:width\" content=\"1920\" \/>\n\t<meta property=\"og:image:height\" content=\"476\" \/>\n\t<meta property=\"og:image:type\" content=\"image\/jpeg\" \/>\n<meta name=\"twitter:card\" content=\"summary_large_image\" \/>\n<meta name=\"twitter:label1\" content=\"Estimated reading time\" \/>\n\t<meta name=\"twitter:data1\" content=\"1 minute\" \/>\n<script type=\"application\/ld+json\" class=\"yoast-schema-graph\">{\"@context\":\"https:\/\/schema.org\",\"@graph\":[{\"@type\":\"WebPage\",\"@id\":\"https:\/\/go4tours.com\/\",\"url\":\"https:\/\/go4tours.com\/\",\"name\":\"Go4Tours | Tours & Transfers em Portugal\",\"isPartOf\":{\"@id\":\"https:\/\/go4tours.com\/#website\"},\"datePublished\":\"2021-12-21T19:34:36+00:00\",\"dateModified\":\"2024-04-12T13:48:45+00:00\",\"description\":\"A Go4Tours \u00e9 uma empresa que atua no ramo de Tours e Transferes, oferecendo v\u00e1rias op\u00e7\u00f5es para quem procura conhecer Portugal.\",\"breadcrumb\":{\"@id\":\"https:\/\/go4tours.com\/#breadcrumb\"},\"inLanguage\":\"en-GB\",\"potentialAction\":[{\"@type\":\"ReadAction\",\"target\":[\"https:\/\/go4tours.com\/\"]}]},{\"@type\":\"BreadcrumbList\",\"@id\":\"https:\/\/go4tours.com\/#breadcrumb\",\"itemListElement\":[{\"@type\":\"ListItem\",\"position\":1,\"name\":\"In\u00edcio\",\"item\":\"https:\/\/go4tours.com\/\"},{\"@type\":\"ListItem\",\"position\":2,\"name\":\"Go4Tours &#8211; Tours &#038; Transfers Portugal\"}]},{\"@type\":\"WebSite\",\"@id\":\"https:\/\/go4tours.com\/#website\",\"url\":\"https:\/\/go4tours.com\/\",\"name\":\"Go4Tours\",\"description\":\"Tours &amp; Transfers in Portugal\",\"publisher\":{\"@id\":\"https:\/\/go4tours.com\/#organization\"},\"potentialAction\":[{\"@type\":\"SearchAction\",\"target\":{\"@type\":\"EntryPoint\",\"urlTemplate\":\"https:\/\/go4tours.com\/?s={search_term_string}\"},\"query-input\":\"required name=search_term_string\"}],\"inLanguage\":\"en-GB\"},{\"@type\":\"Organization\",\"@id\":\"https:\/\/go4tours.com\/#organization\",\"name\":\"Go4Tours\",\"url\":\"https:\/\/go4tours.com\/\",\"logo\":{\"@type\":\"ImageObject\",\"inLanguage\":\"en-GB\",\"@id\":\"https:\/\/go4tours.com\/#\/schema\/logo\/image\/\",\"url\":\"https:\/\/go4tours.com\/wp-content\/uploads\/2023\/03\/GO4TOURS-GOLDEN-LOGO.png\",\"contentUrl\":\"https:\/\/go4tours.com\/wp-content\/uploads\/2023\/03\/GO4TOURS-GOLDEN-LOGO.png\",\"width\":2500,\"height\":1679,\"caption\":\"Go4Tours\"},\"image\":{\"@id\":\"https:\/\/go4tours.com\/#\/schema\/logo\/image\/\"}}]}<\/script>\n<!-- \/ Yoast SEO plugin. -->","yoast_head_json":{"title":"Go4Tours | Tours & Transfers em Portugal","description":"A Go4Tours \u00e9 uma empresa que atua no ramo de Tours e Transferes, oferecendo v\u00e1rias op\u00e7\u00f5es para quem procura conhecer Portugal.","robots":{"index":"index","follow":"follow","max-snippet":"max-snippet:-1","max-image-preview":"max-image-preview:large","max-video-preview":"max-video-preview:-1"},"canonical":"https:\/\/go4tours.com\/en\/","og_locale":"en_GB","og_type":"article","og_title":"Go4Tours | Tours & Transfers em Portugal","og_description":"A Go4Tours \u00e9 uma empresa que atua no ramo de Tours e Transferes, oferecendo v\u00e1rias op\u00e7\u00f5es para quem procura conhecer Portugal.","og_url":"https:\/\/go4tours.com\/en\/","og_site_name":"Go4Tours","article_modified_time":"2024-04-12T13:48:45+00:00","og_image":[{"width":1920,"height":476,"url":"https:\/\/go4tours.com\/wp-content\/uploads\/2023\/07\/quinta-nova_banner.jpg","type":"image\/jpeg"}],"twitter_card":"summary_large_image","twitter_misc":{"Estimated reading time":"1 minute"},"schema":{"@context":"https:\/\/schema.org","@graph":[{"@type":"WebPage","@id":"https:\/\/go4tours.com\/","url":"https:\/\/go4tours.com\/","name":"Go4Tours | Tours & Transfers em Portugal","isPartOf":{"@id":"https:\/\/go4tours.com\/#website"},"datePublished":"2021-12-21T19:34:36+00:00","dateModified":"2024-04-12T13:48:45+00:00","description":"A Go4Tours \u00e9 uma empresa que atua no ramo de Tours e Transferes, oferecendo v\u00e1rias op\u00e7\u00f5es para quem procura conhecer Portugal.","breadcrumb":{"@id":"https:\/\/go4tours.com\/#breadcrumb"},"inLanguage":"en-GB","potentialAction":[{"@type":"ReadAction","target":["https:\/\/go4tours.com\/"]}]},{"@type":"BreadcrumbList","@id":"https:\/\/go4tours.com\/#breadcrumb","itemListElement":[{"@type":"ListItem","position":1,"name":"In\u00edcio","item":"https:\/\/go4tours.com\/"},{"@type":"ListItem","position":2,"name":"Go4Tours &#8211; Tours &#038; Transfers Portugal"}]},{"@type":"WebSite","@id":"https:\/\/go4tours.com\/#website","url":"https:\/\/go4tours.com\/","name":"Go4Tours","description":"Tours &amp; Transfers in Portugal","publisher":{"@id":"https:\/\/go4tours.com\/#organization"},"potentialAction":[{"@type":"SearchAction","target":{"@type":"EntryPoint","urlTemplate":"https:\/\/go4tours.com\/?s={search_term_string}"},"query-input":"required name=search_term_string"}],"inLanguage":"en-GB"},{"@type":"Organization","@id":"https:\/\/go4tours.com\/#organization","name":"Go4Tours","url":"https:\/\/go4tours.com\/","logo":{"@type":"ImageObject","inLanguage":"en-GB","@id":"https:\/\/go4tours.com\/#\/schema\/logo\/image\/","url":"https:\/\/go4tours.com\/wp-content\/uploads\/2023\/03\/GO4TOURS-GOLDEN-LOGO.png","contentUrl":"https:\/\/go4tours.com\/wp-content\/uploads\/2023\/03\/GO4TOURS-GOLDEN-LOGO.png","width":2500,"height":1679,"caption":"Go4Tours"},"image":{"@id":"https:\/\/go4tours.com\/#\/schema\/logo\/image\/"}}]}},"_links":{"self":[{"href":"https:\/\/go4tours.com\/en\/wp-json\/wp\/v2\/pages\/313"}],"collection":[{"href":"https:\/\/go4tours.com\/en\/wp-json\/wp\/v2\/pages"}],"about":[{"href":"https:\/\/go4tours.com\/en\/wp-json\/wp\/v2\/types\/page"}],"author":[{"embeddable":true,"href":"https:\/\/go4tours.com\/en\/wp-json\/wp\/v2\/users\/1"}],"replies":[{"embeddable":true,"href":"https:\/\/go4tours.com\/en\/wp-json\/wp\/v2\/comments?post=313"}],"version-history":[{"count":4,"href":"https:\/\/go4tours.com\/en\/wp-json\/wp\/v2\/pages\/313\/revisions"}],"predecessor-version":[{"id":1571,"href":"https:\/\/go4tours.com\/en\/wp-json\/wp\/v2\/pages\/313\/revisions\/1571"}],"wp:featuredmedia":[{"embeddable":true,"href":"https:\/\/go4tours.com\/en\/wp-json\/wp\/v2\/media\/1458"}],"wp:attachment":[{"href":"https:\/\/go4tours.com\/en\/wp-json\/wp\/v2\/media?parent=313"}],"curies":[{"name":"wp","href":"https:\/\/api.w.org\/{rel}","templated":true}]}}